{"id":663,"date":"2026-03-19T03:52:40","date_gmt":"2026-03-19T03:52:40","guid":{"rendered":"https:\/\/dodoblack.com\/?page_id=663"},"modified":"2026-03-29T17:30:11","modified_gmt":"2026-03-29T17:30:11","slug":"video","status":"publish","type":"page","link":"https:\/\/dodoblack.com\/?page_id=663","title":{"rendered":"Video"},"content":{"rendered":"<section class=\"bde-section-663-190 bde-section\">\n              \n  \n  \n\t\n\n\n\n<div class=\"section-container\"><h1 class=\"bde-heading-663-191 bde-heading\" data-entrance=\"slideUp\">\nV\u00eddeos\n<\/h1><div class=\"bde-text-663-192 bde-text\" data-entrance=\"slideUp\">\nApresenta\u00e7\u00f5es especiais da minha trajet\u00f3ria musical\n<\/div><\/div>\n<\/section><section class=\"bde-section-663-172 bde-section\">\n              \n  \n  \n\t\n\n  <div class=\"section-background-overlay\"><\/div>\n\n\n        <div class=\"section-shape-divider-wrapper section-shape-divider-wrapper--1\">\n          <span class=\"section-shape-divider\">\n                      <svg\n                xmlns=\"http:\/\/www.w3.org\/2000\/svg\"\n                viewBox=\"0 0 1440 320\"\n                preserveAspectRatio=\"none\"\n            >\n              <path fill=\"currentColor\" fill-opacity=\"1\" d=\"M0,192L720,0L1440,160L1440,320L720,320L0,320Z\"><\/path>\n            <\/svg>\n                    <\/span>\n      <\/div>\n  <div class=\"section-container\"><div class=\"bde-advancedslider-663-174 bde-advancedslider\" data-entrance=\"slideUp\">\n<div class=\"breakdance-swiper-wrapper\" data-swiper-id=\"174\">\n  <div class=\"swiper\">\n    <div class=\"swiper-wrapper\">\n      <div class=\"bde-advancedslide-663-175 bde-advancedslide swiper-slide\" data-entrance=\"zoomOut\"><div class=\"advanced-slider__slide\">\r\n  <div class=\"bde-video-663-176 bde-video\">\n<div class=\"ee-video-container\">\n            <video class=\"ee-video\" src=\"https:\/\/dodoblack.com\/wp-content\/uploads\/2026\/03\/Boraconhecer_DodoBlack.mp4\"\n                               controls='true'                                                                                playsinline\n        >\n        <\/video>\n    \n    <\/div>\n\n<\/div>\r\n<\/div><\/div><div class=\"bde-advancedslide-663-177 bde-advancedslide swiper-slide\"><div class=\"advanced-slider__slide\">\r\n  <div class=\"bde-video-663-178 bde-video\">\n<div class=\"ee-video-container\">\n            <video class=\"ee-video\" src=\"https:\/\/dodoblack.com\/wp-content\/uploads\/2026\/03\/Poderdeseducao_DB.mp4\"\n                               controls='true'                                                                                playsinline\n        >\n        <\/video>\n    \n    <\/div>\n\n<\/div>\r\n<\/div><\/div><div class=\"bde-advancedslide-663-179 bde-advancedslide swiper-slide\"><div class=\"advanced-slider__slide\">\r\n  <div class=\"bde-video-663-180 bde-video\">\n<div class=\"ee-video-container\">\n            <video class=\"ee-video\" src=\"https:\/\/dodoblack.com\/wp-content\/uploads\/2026\/03\/Oahoah_DodoBlack.mp4\"\n                               controls='true'                                                                                playsinline\n        >\n        <\/video>\n    \n    <\/div>\n\n<\/div>\r\n<\/div><\/div><div class=\"bde-advancedslide-663-181 bde-advancedslide swiper-slide\"><div class=\"advanced-slider__slide\">\r\n  <div class=\"bde-video-663-182 bde-video\">\n<div class=\"ee-video-container\">\n            <video class=\"ee-video\" src=\"https:\/\/dodoblack.com\/wp-content\/uploads\/2026\/03\/Ehnopagode_DodoBlack.mp4\"\n                               controls='true'                                                                                playsinline\n        >\n        <\/video>\n    \n    <\/div>\n\n<\/div>\r\n<\/div><\/div><div class=\"bde-advancedslide-663-183 bde-advancedslide swiper-slide\"><div class=\"advanced-slider__slide\">\r\n  <div class=\"bde-video-663-184 bde-video\">\n<div class=\"ee-video-container\">\n            <video class=\"ee-video\" src=\"https:\/\/dodoblack.com\/wp-content\/uploads\/2026\/03\/Jeitomolequedeser_DodoBlack.mp4\"\n                               controls='true'                                                                                playsinline\n        >\n        <\/video>\n    \n    <\/div>\n\n<\/div>\r\n<\/div><\/div><div class=\"bde-advancedslide-663-185 bde-advancedslide swiper-slide\"><div class=\"advanced-slider__slide\">\r\n  <div class=\"bde-video-663-186 bde-video\">\n<div class=\"ee-video-container\">\n            <video class=\"ee-video\" src=\"https:\/\/dodoblack.com\/wp-content\/uploads\/2026\/03\/Tiroaoalvaro_DodoBlack.mp4\"\n                               controls='true'                                                                                playsinline\n        >\n        <\/video>\n    \n    <\/div>\n\n<\/div>\r\n<\/div><\/div><div class=\"bde-advancedslide-663-187 bde-advancedslide swiper-slide\"><div class=\"advanced-slider__slide\">\r\n  <div class=\"bde-video-663-188 bde-video\">\n<div class=\"ee-video-container\">\n            <video class=\"ee-video\" src=\"https:\/\/dodoblack.com\/wp-content\/uploads\/2026\/03\/Deixaavidamelevar_DodoBlack.mp4\"\n                               controls='true'                                                                                playsinline\n        >\n        <\/video>\n    \n    <\/div>\n\n<\/div>\r\n<\/div><\/div>\n    <\/div>\n  <\/div>\n\n              <div class=\"swiper-button-prev\">\n            <svg xmlns=\"http:\/\/www.w3.org\/2000\/svg\" id=\"icon-backward\" viewBox=\"0 0 32 32\">\n<path d=\"M16 32c8.837 0 16-7.163 16-16s-7.163-16-16-16-16 7.163-16 16 7.163 16 16 16zM16 3c7.18 0 13 5.82 13 13s-5.82 13-13 13-13-5.82-13-13 5.82-13 13-13zM22 21l-7-5 7-5zM14 21l-7-5 7-5z\"\/>\n<\/svg>\n        <\/div>\n        <div class=\"swiper-button-next\">\n            <svg xmlns=\"http:\/\/www.w3.org\/2000\/svg\" id=\"icon-next\" viewBox=\"0 0 32 32\">\n<path d=\"M16 0c8.837 0 16 7.163 16 16s-7.163 16-16 16-16-7.163-16-16 7.163-16 16-16zM16 29c7.18 0 13-5.82 13-13s-5.82-13-13-13-13 5.82-13 13 5.82 13 13 13z\"\/>\n<path d=\"M18 16l-8-6v12z\"\/>\n<path d=\"M22 10h-4v12h4v-12z\"\/>\n<\/svg>\n        <\/div>\n    \n            <div class=\"swiper-pagination\"><\/div>\n    \n<\/div>\n\n<\/div><\/div>\n<\/section><section class=\"bde-section-663-196 bde-section\">\n              \n  \n  \n\t\n\n  <div class=\"section-background-overlay\"><\/div>\n\n\n        <div class=\"section-shape-divider-wrapper section-shape-divider-wrapper--1\">\n          <span class=\"section-shape-divider\">\n                      <svg\n                xmlns=\"http:\/\/www.w3.org\/2000\/svg\"\n                viewBox=\"0 0 1440 320\"\n                preserveAspectRatio=\"none\"\n            >\n              <path fill=\"currentColor\" fill-opacity=\"1\" d=\"M0,0L48,32C96,64,192,128,288,165.3C384,203,480,213,576,208C672,203,768,181,864,176C960,171,1056,181,1152,160C1248,139,1344,85,1392,58.7L1440,32L1440,320L1392,320C1344,320,1248,320,1152,320C1056,320,960,320,864,320C768,320,672,320,576,320C480,320,384,320,288,320C192,320,96,320,48,320L0,320Z\"><\/path>\n            <\/svg>\n                    <\/span>\n      <\/div>\n  <div class=\"section-container\"><div class=\"bde-advancedslider-663-197 bde-advancedslider\">\n<div class=\"breakdance-swiper-wrapper\" data-swiper-id=\"197\">\n  <div class=\"swiper\">\n    <div class=\"swiper-wrapper\">\n      <div class=\"bde-advancedslide-663-204 bde-advancedslide swiper-slide\"><div class=\"advanced-slider__slide\">\r\n  <div class=\"bde-video-663-205 bde-video\" data-entrance=\"zoomOut\">\n<div class=\"ee-video-container\">\n            <video class=\"ee-video\" src=\"https:\/\/dodoblack.com\/wp-content\/uploads\/2026\/03\/DB_CAIXAPOSTAL.mp4\"\n                               controls='true'                poster='https:\/\/dodoblack.com\/wp-content\/uploads\/2026\/03\/DB_ESPACO06-scaled.jpg'                                                                playsinline\n        >\n        <\/video>\n    \n    <\/div>\n\n<\/div>\r\n<\/div><\/div><div class=\"bde-advancedslide-663-212 bde-advancedslide swiper-slide\"><div class=\"advanced-slider__slide\">\r\n  <div class=\"bde-video-663-213 bde-video\">\n<div class=\"ee-video-container\">\n            <video class=\"ee-video\" src=\"https:\/\/dodoblack.com\/wp-content\/uploads\/2026\/03\/DB_PENAAREIA1.mp4\"\n                               controls='true'                poster='https:\/\/dodoblack.com\/wp-content\/uploads\/2026\/03\/DB_ESPACO05-scaled.jpg'                                                                playsinline\n        >\n        <\/video>\n    \n    <\/div>\n\n<\/div>\r\n<\/div><\/div><div class=\"bde-advancedslide-663-214 bde-advancedslide swiper-slide\"><div class=\"advanced-slider__slide\">\r\n  <div class=\"bde-video-663-215 bde-video\">\n<div class=\"ee-video-container\">\n            <video class=\"ee-video\" src=\"https:\/\/dodoblack.com\/wp-content\/uploads\/2026\/03\/DB_PENAAREIA.mp4\"\n                               controls='true'                                                                                playsinline\n        >\n        <\/video>\n    \n    <\/div>\n\n<\/div>\r\n<\/div><\/div><div class=\"bde-advancedslide-663-218 bde-advancedslide swiper-slide\"><div class=\"advanced-slider__slide\">\r\n  <div class=\"bde-video-663-219 bde-video\">\n<div class=\"ee-video-container\">\n            <video class=\"ee-video\" src=\"https:\/\/dodoblack.com\/wp-content\/uploads\/2026\/03\/DB_JOGODESEDUCAO.mp4\"\n                               controls='true'                poster='https:\/\/dodoblack.com\/wp-content\/uploads\/2026\/03\/DB_BRASA.jpg'                                                                playsinline\n        >\n        <\/video>\n    \n    <\/div>\n\n<\/div>\r\n<\/div><\/div><div class=\"bde-advancedslide-663-216 bde-advancedslide swiper-slide\"><div class=\"advanced-slider__slide\">\r\n  <div class=\"bde-video-663-217 bde-video\">\n<div class=\"ee-video-container\">\n            <video class=\"ee-video\" src=\"https:\/\/dodoblack.com\/wp-content\/uploads\/2026\/03\/DB_VAILAVAILA.mp4\"\n                               controls='true'                poster='https:\/\/dodoblack.com\/wp-content\/uploads\/2026\/03\/DB_BRASA.jpg'                                                                playsinline\n        >\n        <\/video>\n    \n    <\/div>\n\n<\/div>\r\n<\/div><\/div><div class=\"bde-advancedslide-663-222 bde-advancedslide swiper-slide\"><div class=\"advanced-slider__slide\">\r\n  <div class=\"bde-video-663-223 bde-video\">\n<div class=\"ee-video-container\">\n            <video class=\"ee-video\" src=\"https:\/\/dodoblack.com\/wp-content\/uploads\/2026\/03\/DB_TIROAOALVARO.mp4\"\n                               controls='true'                poster='https:\/\/dodoblack.com\/wp-content\/uploads\/2026\/03\/DB_BRASA.jpg'                                                                playsinline\n        >\n        <\/video>\n    \n    <\/div>\n\n<\/div>\r\n<\/div><\/div><div class=\"bde-advancedslide-663-220 bde-advancedslide swiper-slide\"><div class=\"advanced-slider__slide\">\r\n  <div class=\"bde-video-663-221 bde-video\">\n<div class=\"ee-video-container\">\n            <video class=\"ee-video\" src=\"https:\/\/dodoblack.com\/wp-content\/uploads\/2026\/03\/DB_DEIXAEUIRALUTA.mp4\"\n                               controls='true'                poster='https:\/\/dodoblack.com\/wp-content\/uploads\/2026\/03\/DB_GARAGEM.png'                                                                playsinline\n        >\n        <\/video>\n    \n    <\/div>\n\n<\/div>\r\n<\/div><\/div>\n    <\/div>\n  <\/div>\n\n              <div class=\"swiper-button-prev\">\n            <svg xmlns=\"http:\/\/www.w3.org\/2000\/svg\" id=\"icon-backward\" viewBox=\"0 0 32 32\">\n<path d=\"M16 32c8.837 0 16-7.163 16-16s-7.163-16-16-16-16 7.163-16 16 7.163 16 16 16zM16 3c7.18 0 13 5.82 13 13s-5.82 13-13 13-13-5.82-13-13 5.82-13 13-13zM22 21l-7-5 7-5zM14 21l-7-5 7-5z\"\/>\n<\/svg>\n        <\/div>\n        <div class=\"swiper-button-next\">\n            <svg xmlns=\"http:\/\/www.w3.org\/2000\/svg\" id=\"icon-next\" viewBox=\"0 0 32 32\">\n<path d=\"M16 0c8.837 0 16 7.163 16 16s-7.163 16-16 16-16-7.163-16-16 7.163-16 16-16zM16 29c7.18 0 13-5.82 13-13s-5.82-13-13-13-13 5.82-13 13 5.82 13 13 13z\"\/>\n<path d=\"M18 16l-8-6v12z\"\/>\n<path d=\"M22 10h-4v12h4v-12z\"\/>\n<\/svg>\n        <\/div>\n    \n            <div class=\"swiper-pagination\"><\/div>\n    \n<\/div>\n\n<\/div><\/div>\n<\/section><section class=\"bde-section-663-193 bde-section\">\n              \n  \n  \n\t\n\n\n\n<div class=\"section-container\"><h1 class=\"bde-heading-663-194 bde-heading\" data-entrance=\"slideUp\">\nPor dentro\n<\/h1><div class=\"bde-text-663-195 bde-text\" data-entrance=\"slideUp\">\nSiga nas redes sociais para n\u00e3o perder nenhum lan\u00e7amento!\n<\/div><\/div>\n<\/section>","protected":false},"excerpt":{"rendered":"<p>V\u00eddeos Apresenta\u00e7\u00f5es especiais da minha trajet\u00f3ria musical Por dentro Siga nas redes sociais para n\u00e3o perder nenhum lan\u00e7amento!<\/p>\n","protected":false},"author":1,"featured_media":0,"parent":0,"menu_order":0,"comment_status":"closed","ping_status":"closed","template":"","meta":{"_breakdance_hide_in_design_set":false,"_breakdance_tags":"","footnotes":""},"class_list":["post-663","page","type-page","status-publish","hentry"],"_hostinger_reach_plugin_has_subscription_block":false,"_hostinger_reach_plugin_is_elementor":false,"_links":{"self":[{"href":"https:\/\/dodoblack.com\/index.php?rest_route=\/wp\/v2\/pages\/663","targetHints":{"allow":["GET"]}}],"collection":[{"href":"https:\/\/dodoblack.com\/index.php?rest_route=\/wp\/v2\/pages"}],"about":[{"href":"https:\/\/dodoblack.com\/index.php?rest_route=\/wp\/v2\/types\/page"}],"author":[{"embeddable":true,"href":"https:\/\/dodoblack.com\/index.php?rest_route=\/wp\/v2\/users\/1"}],"replies":[{"embeddable":true,"href":"https:\/\/dodoblack.com\/index.php?rest_route=%2Fwp%2Fv2%2Fcomments&post=663"}],"version-history":[{"count":119,"href":"https:\/\/dodoblack.com\/index.php?rest_route=\/wp\/v2\/pages\/663\/revisions"}],"predecessor-version":[{"id":943,"href":"https:\/\/dodoblack.com\/index.php?rest_route=\/wp\/v2\/pages\/663\/revisions\/943"}],"wp:attachment":[{"href":"https:\/\/dodoblack.com\/index.php?rest_route=%2Fwp%2Fv2%2Fmedia&parent=663"}],"curies":[{"name":"wp","href":"https:\/\/api.w.org\/{rel}","templated":true}]}}