{"id":314,"date":"2026-03-11T19:48:21","date_gmt":"2026-03-11T19:48:21","guid":{"rendered":"https:\/\/dodoblack.com\/?page_id=314"},"modified":"2026-03-29T02:06:28","modified_gmt":"2026-03-29T02:06:28","slug":"generos","status":"publish","type":"page","link":"https:\/\/dodoblack.com\/?page_id=314","title":{"rendered":"Generos"},"content":{"rendered":"<section class=\"bde-section-314-100 bde-section\">\n              \n  \n  \n\t\n\n\n\n<div class=\"section-container\"><div class=\"bde-div-314-103 bde-div\">\n  \n  \n\t\n\n\n\n<h1 class=\"bde-heading-314-101 bde-heading\" data-entrance=\"slideUp\">\nG\u00eanero Musicais\n<\/h1><div class=\"bde-text-314-102 bde-text\" data-entrance=\"slideUp\">\nExplore a diversidade e riqueza da m\u00fasica brasileira atrav\u00e9s dos meus trabalhos\n<\/div>\n<\/div><\/div>\n<\/section><section class=\"bde-section-314-104 bde-section\">\n  \n  \n\t\n\n\n\n<div class=\"section-container\"><div class=\"bde-div-314-105 bde-div\">\n  \n  \n\t\n\n\n\n<div class=\"bde-div-314-106 bde-div\" data-entrance=\"slideLeft\">\n  \n  \n\t\n\n\n\n<div class=\"bde-div-314-107 bde-div\">\n              \n  \n  \n\t\n\n\n\n<div class=\"bde-icon-314-109 bde-icon\">\n\n    \n            <div class=\"bde-icon-icon breakdance-icon-atom\" >\n    \n                    <svg xmlns=\"http:\/\/www.w3.org\/2000\/svg\" id=\"icon-file-music\" viewBox=\"0 0 32 32\">\n<path d=\"M28.681 7.159c-0.694-0.947-1.662-2.053-2.724-3.116s-2.169-2.030-3.116-2.724c-1.612-1.182-2.393-1.319-2.841-1.319h-15.5c-1.378 0-2.5 1.121-2.5 2.5v27c0 1.378 1.121 2.5 2.5 2.5h23c1.378 0 2.5-1.122 2.5-2.5v-19.5c0-0.448-0.137-1.23-1.319-2.841v0zM24.543 5.457c0.959 0.959 1.712 1.825 2.268 2.543h-4.811v-4.811c0.718 0.556 1.584 1.309 2.543 2.268v0zM28 29.5c0 0.271-0.229 0.5-0.5 0.5h-23c-0.271 0-0.5-0.229-0.5-0.5v-27c0-0.271 0.229-0.5 0.5-0.5 0 0 15.499-0 15.5 0v7c0 0.552 0.448 1 1 1h7v19.5z\"\/>\n<path d=\"M23.634 12.227c-0.232-0.19-0.536-0.266-0.83-0.207l-10 2c-0.467 0.094-0.804 0.504-0.804 0.981v7.402c-0.588-0.255-1.271-0.402-2-0.402-2.209 0-4 1.343-4 3s1.791 3 4 3 4-1.343 4-3v-7.18l8-1.6v4.183c-0.588-0.255-1.271-0.402-2-0.402-2.209 0-4 1.343-4 3s1.791 3 4 3 4-1.343 4-3v-10c0-0.3-0.134-0.583-0.366-0.773z\"\/>\n<\/svg>\n        \n        \n        \n            <\/div>\n    \n\n\n<\/div><h1 class=\"bde-heading-314-108 bde-heading\">\nSamba\n<\/h1>\n<\/div><div class=\"bde-div-314-110 bde-div\">\n  \n  \n\t\n\n\n\n<div class=\"bde-text-314-111 bde-text\">\nO samba \u00e9 a alma do Brasil, um ritmo que nasceu nas rodas de conversa e celebra. Com ra\u00edzes profundas na cultura afro-brasileira, o samba \u00e9 mais que m\u00fasica - \u00e9 identidade, \u00e9 hist\u00f3ria, \u00e9 resist\u00eancia.\n<\/div><div class=\"bde-div-314-117 bde-div\">\n  \n  \n\t\n\n\n\n<h1 class=\"bde-heading-314-113 bde-heading\">\nCaracter\u00edsticas\n<\/h1><ul class=\"bde-basic-list-314-118 bde-basic-list\">\n  <li  >    \n          Ritmo sincopado e contagiante\n      <\/li>\n  <li  >    \n          Instrumentos tradicionais: pandeiro, cavaquinho, surdo\n      <\/li>\n  <li  >    \n          Letras que contam hist\u00f3rias do<br>cotidiano\n      <\/li>\n  <li  >    \n          Dan\u00e7a improvisada e expressiva\n      <\/li>\n<\/ul>\n<\/div><div class=\"bde-div-314-119 bde-div\">\n              \n  \n  \n\t\n\n\n\n<h1 class=\"bde-heading-314-120 bde-heading\">\nObras Representativas\n<\/h1><div class=\"bde-text-314-121 bde-text\">\nSambas autorais que celebram a tradi\u00e7\u00e3o com um toque contempor\u00e2neo\n<\/div>\n<\/div>\n<\/div>\n<\/div><div class=\"bde-div-314-122 bde-div\" data-entrance=\"slideRight\">\n  \n  \n\t\n\n\n\n<div class=\"bde-div-314-123 bde-div\">\n              \n  \n  \n\t\n\n\n\n<div class=\"bde-icon-314-124 bde-icon\">\n\n    \n            <div class=\"bde-icon-icon breakdance-icon-atom\" >\n    \n                    <svg xmlns=\"http:\/\/www.w3.org\/2000\/svg\" id=\"icon-music\" viewBox=\"0 0 32 32\">\n<path d=\"M30 0h2v23c0 2.761-3.134 5-7 5s-7-2.239-7-5c0-2.761 3.134-5 7-5 1.959 0 3.729 0.575 5 1.501v-11.501l-16 3.556v15.444c0 2.761-3.134 5-7 5s-7-2.239-7-5c0-2.761 3.134-5 7-5 1.959 0 3.729 0.575 5 1.501v-19.501l18-4z\"\/>\n<\/svg>\n        \n        \n        \n            <\/div>\n    \n\n\n<\/div><h1 class=\"bde-heading-314-125 bde-heading\">\nPagode\n<\/h1>\n<\/div><div class=\"bde-div-314-126 bde-div\">\n  \n  \n\t\n\n\n\n<div class=\"bde-text-314-127 bde-text\">\nO pagode \u00e9 a celebra\u00e7\u00e3o da vida, da amizade e do amor. Nascido nas periferias cariocas, este g\u00eanero traz alegria, descontra\u00e7\u00e3o e um balan\u00e7o irresist\u00edvel que faz qualquer um querer dan\u00e7ar.\n<\/div><div class=\"bde-div-314-128 bde-div\">\n  \n  \n\t\n\n\n\n<h1 class=\"bde-heading-314-129 bde-heading\">\nCaracter\u00edsticas\n<\/h1><ul class=\"bde-basic-list-314-130 bde-basic-list\">\n  <li  >    \n          Harmonia de vozes e refr\u00f5es marcantes\n      <\/li>\n  <li  >    \n          Tantan, repique de m\u00e3o e banjo\n      <\/li>\n  <li  >    \n          Letras rom\u00e2nticas e festivas\n      <\/li>\n  <li  >    \n          Ambiente de roda e confraterniza\u00e7\u00e3o\n      <\/li>\n<\/ul>\n<\/div><div class=\"bde-div-314-131 bde-div\">\n              \n  \n  \n\t\n\n\n\n<h1 class=\"bde-heading-314-132 bde-heading\">\nObras Representativas\n<\/h1><div class=\"bde-text-314-133 bde-text\">\nPagodes que trazem mensagens de amor e celebra\u00e7\u00f5es\n<\/div>\n<\/div>\n<\/div>\n<\/div><div class=\"bde-div-314-134 bde-div\" data-entrance=\"slideLeft\">\n  \n  \n\t\n\n\n\n<div class=\"bde-div-314-135 bde-div\">\n              \n  \n  \n\t\n\n\n\n<div class=\"bde-icon-314-136 bde-icon\">\n\n    \n            <div class=\"bde-icon-icon breakdance-icon-atom\" >\n    \n                    <svg xmlns=\"http:\/\/www.w3.org\/2000\/svg\" viewBox=\"0 0 384 512\"><!--! Font Awesome Free 6.5.1 by @fontawesome - https:\/\/fontawesome.com License - https:\/\/fontawesome.com\/license\/free (Icons: CC BY 4.0, Fonts: SIL OFL 1.1, Code: MIT License) Copyright 2023 Fonticons, Inc. --><path d=\"M96 96V256c0 53 43 96 96 96s96-43 96-96H208c-8.8 0-16-7.2-16-16s7.2-16 16-16h80V192H208c-8.8 0-16-7.2-16-16s7.2-16 16-16h80V128H208c-8.8 0-16-7.2-16-16s7.2-16 16-16h80c0-53-43-96-96-96S96 43 96 96zM320 240v16c0 70.7-57.3 128-128 128s-128-57.3-128-128V216c0-13.3-10.7-24-24-24s-24 10.7-24 24v40c0 89.1 66.2 162.7 152 174.4V464H120c-13.3 0-24 10.7-24 24s10.7 24 24 24h72 72c13.3 0 24-10.7 24-24s-10.7-24-24-24H216V430.4c85.8-11.7 152-85.3 152-174.4V216c0-13.3-10.7-24-24-24s-24 10.7-24 24v24z\"\/><\/svg>\n        \n        \n        \n            <\/div>\n    \n\n\n<\/div><h1 class=\"bde-heading-314-137 bde-heading\">\nMPB\n<\/h1>\n<\/div><div class=\"bde-div-314-138 bde-div\">\n  \n  \n\t\n\n\n\n<div class=\"bde-text-314-139 bde-text\">\nA M\u00fasica Popular Brasileira \u00e9 a sofistica\u00e7\u00e3o da m\u00fasica nacional. Poesia em forma de can\u00e7\u00e3o, a MPB une melodias envolventes a letras profundas, criando obras que transcendem o tempo.\n<\/div><div class=\"bde-div-314-140 bde-div\">\n  \n  \n\t\n\n\n\n<h1 class=\"bde-heading-314-141 bde-heading\">\nCaracter\u00edsticas\n<\/h1><ul class=\"bde-basic-list-314-142 bde-basic-list\">\n  <li  >    \n          Letras po\u00e9ticas e reflexivas\n      <\/li>\n  <li  >    \n          Arranjos elaborados e harmonia rica\n      <\/li>\n  <li  >    \n          Fus\u00e3o de diversos g\u00eaneros brasileiros\n      <\/li>\n  <li  >    \n          Tem\u00e1ticas sociais e existenciais\n      <\/li>\n<\/ul>\n<\/div><div class=\"bde-div-314-143 bde-div\">\n              \n  \n  \n\t\n\n\n\n<h1 class=\"bde-heading-314-144 bde-heading\">\nObras Representativas\n<\/h1><div class=\"bde-text-314-145 bde-text\">\nComposi\u00e7\u00f5es que mesclam tradi\u00e7\u00e3o e contemporaneidade\n<\/div>\n<\/div>\n<\/div>\n<\/div><div class=\"bde-div-314-146 bde-div\" data-entrance=\"slideRight\">\n  \n  \n\t\n\n\n\n<div class=\"bde-div-314-147 bde-div\">\n              \n  \n  \n\t\n\n\n\n<div class=\"bde-icon-314-148 bde-icon\">\n\n    \n            <div class=\"bde-icon-icon breakdance-icon-atom\" >\n    \n                    <svg xmlns=\"http:\/\/www.w3.org\/2000\/svg\" viewBox=\"0 0 640 512\"><!--! Font Awesome Free 6.5.1 by @fontawesome - https:\/\/fontawesome.com License - https:\/\/fontawesome.com\/license\/free (Icons: CC BY 4.0, Fonts: SIL OFL 1.1, Code: MIT License) Copyright 2023 Fonticons, Inc. --><path d=\"M544 248v3.3l69.7-69.7c21.9-21.9 21.9-57.3 0-79.2L535.6 24.4c-21.9-21.9-57.3-21.9-79.2 0L416.3 64.5c-2.7-.3-5.5-.5-8.3-.5H296c-37.1 0-67.6 28-71.6 64H224V248c0 22.1 17.9 40 40 40s40-17.9 40-40V176c0 0 0-.1 0-.1V160l16 0 136 0c0 0 0 0 .1 0H464c44.2 0 80 35.8 80 80v8zM336 192v56c0 39.8-32.2 72-72 72s-72-32.2-72-72V129.4c-35.9 6.2-65.8 32.3-76 68.2L99.5 255.2 26.3 328.4c-21.9 21.9-21.9 57.3 0 79.2l78.1 78.1c21.9 21.9 57.3 21.9 79.2 0l37.7-37.7c.9 0 1.8 .1 2.7 .1H384c26.5 0 48-21.5 48-48c0-5.6-1-11-2.7-16H432c26.5 0 48-21.5 48-48c0-12.8-5-24.4-13.2-33c25.7-5 45.1-27.6 45.2-54.8v-.4c-.1-30.8-25.1-55.8-56-55.8c0 0 0 0 0 0l-120 0z\"\/><\/svg>\n        \n        \n        \n            <\/div>\n    \n\n\n<\/div><h1 class=\"bde-heading-314-149 bde-heading\">\nSamba Rock\n<\/h1>\n<\/div><div class=\"bde-div-314-150 bde-div\">\n  \n  \n\t\n\n\n\n<div class=\"bde-text-314-151 bde-text\">\nO samba rock \u00e9 a ponte entre o Brasil e o mundo. Nascido nos bailes paulistanos dos anos 60, este g\u00eanero une o gingado do samba com o groove do soul e funk, criando uma sonoridade \u00fanica e dan\u00e7ante.\n<\/div><div class=\"bde-div-314-152 bde-div\">\n  \n  \n\t\n\n\n\n<h1 class=\"bde-heading-314-153 bde-heading\">\nCaracter\u00edsticas\n<\/h1><ul class=\"bde-basic-list-314-154 bde-basic-list\">\n  <li  >    \n          Fus\u00e3o de samba com soul, funk e rock\n      <\/li>\n  <li  >    \n          Groove marcante e dan\u00e7ante\n      <\/li>\n  <li  >    \n          Guitarra e ol\u00e1 em destaque\n      <\/li>\n  <li  >    \n          Letras que falam de amor e cotidiano urbano\n      <\/li>\n<\/ul>\n<\/div><div class=\"bde-div-314-155 bde-div\">\n              \n  \n  \n\t\n\n\n\n<h1 class=\"bde-heading-314-156 bde-heading\">\nObras Representativas\n<\/h1><div class=\"bde-text-314-157 bde-text\">\nSamba rock que \u00e9 uma tradi\u00e7\u00e3o brasileira e influ\u00eancias internacionais\n<\/div>\n<\/div>\n<\/div>\n<\/div>\n<\/div><\/div>\n<\/section><section class=\"bde-section-314-158 bde-section\">\n              \n  \n  \n\t\n\n\n\n<div class=\"section-container\"><div class=\"bde-div-314-159 bde-div\">\n  \n  \n\t\n\n\n\n<h1 class=\"bde-heading-314-160 bde-heading\" data-entrance=\"slideUp\">\nM\u00fasica\n<\/h1><div class=\"bde-text-314-161 bde-text\" data-entrance=\"slideUp\">\nDescubra mais sobre meu trabalho e ou\u00e7a minhas composi\u00e7\u00f5es nas principais plataformas\n<\/div>\n<\/div><\/div>\n<\/section>","protected":false},"excerpt":{"rendered":"<p>G\u00eanero Musicais Explore a diversidade e riqueza da m\u00fasica brasileira atrav\u00e9s dos meus trabalhos Samba O samba \u00e9 a alma do Brasil, um ritmo que nasceu nas rodas de conversa e celebra. Com ra\u00edzes profundas na cultura afro-brasileira, o samba \u00e9 mais que m\u00fasica &#8211; \u00e9 identidade, \u00e9 hist\u00f3ria, \u00e9 resist\u00eancia. Caracter\u00edsticas Ritmo sincopado e [&hellip;]<\/p>\n","protected":false},"author":1,"featured_media":0,"parent":0,"menu_order":0,"comment_status":"closed","ping_status":"closed","template":"","meta":{"_breakdance_hide_in_design_set":false,"_breakdance_tags":"","footnotes":""},"class_list":["post-314","page","type-page","status-publish","hentry"],"_hostinger_reach_plugin_has_subscription_block":false,"_hostinger_reach_plugin_is_elementor":false,"_links":{"self":[{"href":"https:\/\/dodoblack.com\/index.php?rest_route=\/wp\/v2\/pages\/314","targetHints":{"allow":["GET"]}}],"collection":[{"href":"https:\/\/dodoblack.com\/index.php?rest_route=\/wp\/v2\/pages"}],"about":[{"href":"https:\/\/dodoblack.com\/index.php?rest_route=\/wp\/v2\/types\/page"}],"author":[{"embeddable":true,"href":"https:\/\/dodoblack.com\/index.php?rest_route=\/wp\/v2\/users\/1"}],"replies":[{"embeddable":true,"href":"https:\/\/dodoblack.com\/index.php?rest_route=%2Fwp%2Fv2%2Fcomments&post=314"}],"version-history":[{"count":53,"href":"https:\/\/dodoblack.com\/index.php?rest_route=\/wp\/v2\/pages\/314\/revisions"}],"predecessor-version":[{"id":868,"href":"https:\/\/dodoblack.com\/index.php?rest_route=\/wp\/v2\/pages\/314\/revisions\/868"}],"wp:attachment":[{"href":"https:\/\/dodoblack.com\/index.php?rest_route=%2Fwp%2Fv2%2Fmedia&parent=314"}],"curies":[{"name":"wp","href":"https:\/\/api.w.org\/{rel}","templated":true}]}}