{"id":239,"date":"2026-03-05T01:47:32","date_gmt":"2026-03-05T01:47:32","guid":{"rendered":"https:\/\/dodoblack.com\/?page_id=239"},"modified":"2026-03-29T02:03:08","modified_gmt":"2026-03-29T02:03:08","slug":"sobre","status":"publish","type":"page","link":"https:\/\/dodoblack.com\/?page_id=239","title":{"rendered":"Sobre"},"content":{"rendered":"<section class=\"bde-section-239-100 bde-section\" data-entrance=\"fade\">\n              \n  \n  \n\t\n\n  <div class=\"section-background-overlay\"><\/div>\n\n\n<div class=\"section-container\"><div class=\"bde-div-239-103 bde-div\">\n  \n  \n\t\n\n\n\n<h1 class=\"bde-heading-239-104 bde-heading\" data-entrance=\"slideUp\">\nSobre DOD\u00d4 BLACK\n<\/h1><div class=\"bde-text-239-105 bde-text\" data-entrance=\"slideUp\">\nUma jornada pela m\u00fasica aut\u00eantica brasileira\n<\/div>\n<\/div><\/div>\n<\/section><section class=\"bde-section-239-107 bde-section\" data-entrance=\"slideUp\">\n  \n  \n\t\n\n\n\n<div class=\"section-container\"><h1 class=\"bde-heading-239-108 bde-heading\" data-entrance=\"slideUp\">\n<font dir=\"auto\" style=\"vertical-align: inherit;\"><font dir=\"auto\" style=\"vertical-align: inherit;\">Minhas Hist\u00f3rias<\/font><\/font>\n<\/h1><div class=\"bde-text-239-109 bde-text\" data-entrance=\"slideUp\">\nDOD\u00d4 BLACK nasceu e cresceu no cora\u00e7\u00e3o do Brasil, onde os ritmos do samba e do pagode ecoavam pelas ruas e casas de fam\u00edlia. Desde crian\u00e7a, a m\u00fasica sempre foi uma paix\u00e3o ardente, uma forma de express\u00e3o que transcendia palavras.<br><br>Com o passar dos anos, essa paix\u00e3o se transformou em dedica\u00e7\u00e3o profissional. Estudando os grandes mestres da m\u00fasica brasileira e absorvendo influ\u00eancias de diversos g\u00eaneros, DOD\u00d4 BLACK desenvolveu um estilo \u00fanico que honra as tradi\u00e7\u00f5es enquanto traz frescor e contemporaneidade.<br><br>Hoje, como artista consolidado, DOD\u00d4 BLACK leva sua m\u00fasica para p\u00fablicos diversos, sempre com o objetivo de celebrar a riqueza cultural brasileira e emocionar atrav\u00e9s da atra\u00e7\u00e3o de cada nota e palavra.\n<\/div><\/div>\n<\/section><section class=\"bde-section-239-110 bde-section\">\n  \n  \n\t\n\n\n\n<div class=\"section-container\"><h1 class=\"bde-heading-239-111 bde-heading\" data-entrance=\"slideUp\">\n<font dir=\"auto\" style=\"vertical-align: inherit;\"><font dir=\"auto\" style=\"vertical-align: inherit;\">Ins\u00edgnia e Estilo<br>Musical<\/font><\/font>\n<\/h1><div class=\"bde-div-239-113 bde-div\" data-entrance=\"slideUp\">\n              \n  \n  \n\t\n\n\n\n<div class=\"bde-text-239-114 bde-text\">\nO estilo de DOD\u00d4 BLACK \u00e9 uma fus\u00e3o harmoniosa de tradi\u00e7\u00e3o e inova\u00e7\u00e3o. Influenciado por lendas como Cartola, Zeca Pagodinho, Djavan e Jorge Ben Jor, o artista criou uma sonoridade que respeita as ra\u00edzes enquanto explora novos horizontes musicais.\n<\/div><div class=\"bde-div-239-118 bde-div\">\n  \n  \n\t\n\n\n\n<div class=\"bde-div-239-115 bde-div\">\n  \n  \n\t\n\n\n\n<h1 class=\"bde-heading-239-116 bde-heading\">\nSamba e Pagode\n<\/h1><div class=\"bde-text-239-117 bde-text\">\nO ritmo contagiante e a alegria que<br>fazem parte da ess\u00eancia brasileira\n<\/div>\n<\/div><div class=\"bde-div-239-122 bde-div\">\n  \n  \n\t\n\n\n\n<h1 class=\"bde-heading-239-123 bde-heading\">\nMPB\n<\/h1><div class=\"bde-text-239-124 bde-text\">\nLetras profundas que contam hist\u00f3rias e tocam a alma\n<\/div>\n<\/div><div class=\"bde-div-239-119 bde-div\">\n  \n  \n\t\n\n\n\n<h1 class=\"bde-heading-239-120 bde-heading\">\nSamba Rock\n<\/h1><div class=\"bde-text-239-121 bde-text\">\nA fus\u00e3o perfeita entre o balan\u00e7o brasileiro e groove internacional\n<\/div>\n<\/div><div class=\"bde-div-239-125 bde-div\">\n  \n  \n\t\n\n\n\n<h1 class=\"bde-heading-239-126 bde-heading\">\nInova\u00e7\u00e3o\n<\/h1><div class=\"bde-text-239-127 bde-text\">\nSempre buscando novos filhos sem perder a ess\u00eancia brasileira\n<\/div>\n<\/div>\n<\/div>\n<\/div><\/div>\n<\/section><section class=\"bde-section-239-128 bde-section\">\n  \n  \n\t\n\n\n\n<div class=\"section-container\"><h1 class=\"bde-heading-239-129 bde-heading\" data-entrance=\"slideUp\">\nConquistas e<br>Destaques\n<\/h1><div class=\"bde-text-239-130 bde-text\" data-entrance=\"slideUp\">\nUma trajet\u00f3ria marcada por realiza\u00e7\u00f5es<br>e reconhecimento\n<\/div><div class=\"bde-div-239-131 bde-div\">\n  \n  \n\t\n\n\n\n<div class=\"bde-div-239-132 bde-div\" data-entrance=\"zoomOut\">\n  \n  \n\t\n\n\n\n<div class=\"bde-icon-239-133 bde-icon\">\n\n    \n            <div class=\"bde-icon-icon breakdance-icon-atom\" >\n    \n                    <svg xmlns=\"http:\/\/www.w3.org\/2000\/svg\" viewBox=\"0 0 512 512\"><!--! Font Awesome Free 6.5.1 by @fontawesome - https:\/\/fontawesome.com License - https:\/\/fontawesome.com\/license\/free (Icons: CC BY 4.0, Fonts: SIL OFL 1.1, Code: MIT License) Copyright 2023 Fonticons, Inc. --><path d=\"M4.1 38.2C1.4 34.2 0 29.4 0 24.6C0 11 11 0 24.6 0H133.9c11.2 0 21.7 5.9 27.4 15.5l68.5 114.1c-48.2 6.1-91.3 28.6-123.4 61.9L4.1 38.2zm503.7 0L405.6 191.5c-32.1-33.3-75.2-55.8-123.4-61.9L350.7 15.5C356.5 5.9 366.9 0 378.1 0H487.4C501 0 512 11 512 24.6c0 4.8-1.4 9.6-4.1 13.6zM80 336a176 176 0 1 1 352 0A176 176 0 1 1 80 336zm184.4-94.9c-3.4-7-13.3-7-16.8 0l-22.4 45.4c-1.4 2.8-4 4.7-7 5.1L168 298.9c-7.7 1.1-10.7 10.5-5.2 16l36.3 35.4c2.2 2.2 3.2 5.2 2.7 8.3l-8.6 49.9c-1.3 7.6 6.7 13.5 13.6 9.9l44.8-23.6c2.7-1.4 6-1.4 8.7 0l44.8 23.6c6.9 3.6 14.9-2.2 13.6-9.9l-8.6-49.9c-.5-3 .5-6.1 2.7-8.3l36.3-35.4c5.6-5.4 2.5-14.8-5.2-16l-50.1-7.3c-3-.4-5.7-2.4-7-5.1l-22.4-45.4z\"\/><\/svg>\n        \n        \n        \n            <\/div>\n    \n\n\n<\/div><h1 class=\"bde-heading-239-134 bde-heading\">\nPr\u00eamios e Reconhecimentos\n<\/h1><div class=\"bde-text-239-135 bde-text\">\nPremiado em diversos<br>festivais de m\u00fasica<br>brasileira\n<\/div>\n<\/div><div class=\"bde-div-239-136 bde-div\" data-entrance=\"zoomOut\">\n  \n  \n\t\n\n\n\n<div class=\"bde-icon-239-137 bde-icon\">\n\n    \n            <div class=\"bde-icon-icon breakdance-icon-atom\" >\n    \n                    <svg xmlns=\"http:\/\/www.w3.org\/2000\/svg\" id=\"icon-music\" viewBox=\"0 0 32 32\">\n<path d=\"M30 0h2v23c0 2.761-3.134 5-7 5s-7-2.239-7-5c0-2.761 3.134-5 7-5 1.959 0 3.729 0.575 5 1.501v-11.501l-16 3.556v15.444c0 2.761-3.134 5-7 5s-7-2.239-7-5c0-2.761 3.134-5 7-5 1.959 0 3.729 0.575 5 1.501v-19.501l18-4z\"\/>\n<\/svg>\n        \n        \n        \n            <\/div>\n    \n\n\n<\/div><h1 class=\"bde-heading-239-138 bde-heading\">\nIn\u00fameras Apresenta\u00e7\u00f5es\n<\/h1><div class=\"bde-text-239-139 bde-text\">\nShows realizados em capitais<br>e regi\u00f5es de S\u00e3o Paulo\n<\/div>\n<\/div><div class=\"bde-div-239-140 bde-div\" data-entrance=\"zoomOut\">\n  \n  \n\t\n\n\n\n<div class=\"bde-icon-239-141 bde-icon\">\n\n    \n            <div class=\"bde-icon-icon breakdance-icon-atom\" >\n    \n                    <svg xmlns=\"http:\/\/www.w3.org\/2000\/svg\" viewBox=\"0 0 512 512\"><!--! Font Awesome Free 6.5.1 by @fontawesome - https:\/\/fontawesome.com License - https:\/\/fontawesome.com\/license\/free (Icons: CC BY 4.0, Fonts: SIL OFL 1.1, Code: MIT License) Copyright 2023 Fonticons, Inc. --><path d=\"M225.8 468.2l-2.5-2.3L48.1 303.2C17.4 274.7 0 234.7 0 192.8v-3.3c0-70.4 50-130.8 119.2-144C158.6 37.9 198.9 47 231 69.6c9 6.4 17.4 13.8 25 22.3c4.2-4.8 8.7-9.2 13.5-13.3c3.7-3.2 7.5-6.2 11.5-9c0 0 0 0 0 0C313.1 47 353.4 37.9 392.8 45.4C462 58.6 512 119.1 512 189.5v3.3c0 41.9-17.4 81.9-48.1 110.4L288.7 465.9l-2.5 2.3c-8.2 7.6-19 11.9-30.2 11.9s-22-4.2-30.2-11.9zM239.1 145c-.4-.3-.7-.7-1-1.1l-17.8-20c0 0-.1-.1-.1-.1c0 0 0 0 0 0c-23.1-25.9-58-37.7-92-31.2C81.6 101.5 48 142.1 48 189.5v3.3c0 28.5 11.9 55.8 32.8 75.2L256 430.7 431.2 268c20.9-19.4 32.8-46.7 32.8-75.2v-3.3c0-47.3-33.6-88-80.1-96.9c-34-6.5-69 5.4-92 31.2c0 0 0 0-.1 .1s0 0-.1 .1l-17.8 20c-.3 .4-.7 .7-1 1.1c-4.5 4.5-10.6 7-16.9 7s-12.4-2.5-16.9-7z\"\/><\/svg>\n        \n        \n        \n            <\/div>\n    \n\n\n<\/div><h1 class=\"bde-heading-239-142 bde-heading\">\nA galera curte e acompanha\n<\/h1><div class=\"bde-text-239-143 bde-text\">\nComunidade apaixonada<br>pela m\u00fasica aut\u00eantica\n<\/div>\n<\/div><div class=\"bde-div-239-144 bde-div\" data-entrance=\"zoomOut\">\n  \n  \n\t\n\n\n\n<div class=\"bde-icon-239-145 bde-icon\">\n\n    \n            <div class=\"bde-icon-icon breakdance-icon-atom\" >\n    \n                    <svg xmlns=\"http:\/\/www.w3.org\/2000\/svg\" id=\"icon-star-empty\" viewBox=\"0 0 32 32\">\n<path d=\"M32 12.408l-11.056-1.607-4.944-10.018-4.944 10.018-11.056 1.607 8 7.798-1.889 11.011 9.889-5.199 9.889 5.199-1.889-11.011 8-7.798zM16 23.547l-6.983 3.671 1.334-7.776-5.65-5.507 7.808-1.134 3.492-7.075 3.492 7.075 7.807 1.134-5.65 5.507 1.334 7.776-6.983-3.671z\"\/>\n<\/svg>\n        \n        \n        \n            <\/div>\n    \n\n\n<\/div><h1 class=\"bde-heading-239-146 bde-heading\">\nColabora\u00e7\u00f5es Prestigiadas\n<\/h1><div class=\"bde-text-239-147 bde-text\">\nTrabalhos com grandes<br>nomes da m\u00fasica<br>brasileira\n<\/div>\n<\/div>\n<\/div><\/div>\n<\/section>","protected":false},"excerpt":{"rendered":"<p>Sobre DOD\u00d4 BLACK Uma jornada pela m\u00fasica aut\u00eantica brasileira Minhas Hist\u00f3rias DOD\u00d4 BLACK nasceu e cresceu no cora\u00e7\u00e3o do Brasil, onde os ritmos do samba e do pagode ecoavam pelas ruas e casas de fam\u00edlia. Desde crian\u00e7a, a m\u00fasica sempre foi uma paix\u00e3o ardente, uma forma de express\u00e3o que transcendia palavras.Com o passar dos anos, [&hellip;]<\/p>\n","protected":false},"author":1,"featured_media":0,"parent":0,"menu_order":0,"comment_status":"closed","ping_status":"closed","template":"","meta":{"_breakdance_hide_in_design_set":false,"_breakdance_tags":"","footnotes":""},"class_list":["post-239","page","type-page","status-publish","hentry"],"_hostinger_reach_plugin_has_subscription_block":false,"_hostinger_reach_plugin_is_elementor":false,"_links":{"self":[{"href":"https:\/\/dodoblack.com\/index.php?rest_route=\/wp\/v2\/pages\/239","targetHints":{"allow":["GET"]}}],"collection":[{"href":"https:\/\/dodoblack.com\/index.php?rest_route=\/wp\/v2\/pages"}],"about":[{"href":"https:\/\/dodoblack.com\/index.php?rest_route=\/wp\/v2\/types\/page"}],"author":[{"embeddable":true,"href":"https:\/\/dodoblack.com\/index.php?rest_route=\/wp\/v2\/users\/1"}],"replies":[{"embeddable":true,"href":"https:\/\/dodoblack.com\/index.php?rest_route=%2Fwp%2Fv2%2Fcomments&post=239"}],"version-history":[{"count":72,"href":"https:\/\/dodoblack.com\/index.php?rest_route=\/wp\/v2\/pages\/239\/revisions"}],"predecessor-version":[{"id":867,"href":"https:\/\/dodoblack.com\/index.php?rest_route=\/wp\/v2\/pages\/239\/revisions\/867"}],"wp:attachment":[{"href":"https:\/\/dodoblack.com\/index.php?rest_route=%2Fwp%2Fv2%2Fmedia&parent=239"}],"curies":[{"name":"wp","href":"https:\/\/api.w.org\/{rel}","templated":true}]}}