{"id":133,"date":"2026-03-02T22:16:59","date_gmt":"2026-03-02T22:16:59","guid":{"rendered":"https:\/\/dodoblack.com\/?page_id=133"},"modified":"2026-03-29T01:59:32","modified_gmt":"2026-03-29T01:59:32","slug":"home","status":"publish","type":"page","link":"https:\/\/dodoblack.com\/","title":{"rendered":"Home"},"content":{"rendered":"<section class=\"bde-section-133-101 bde-section\" data-entrance=\"fade\">\n              \n  \n  \n\t\n\n  <div class=\"section-background-overlay\"><\/div>\n\n\n<div class=\"section-container\"><div class=\"bde-div-133-102 bde-div\">\n  \n  \n\t\n\n\n\n<h1 class=\"bde-heading-133-104 bde-heading\" data-entrance=\"slideUp\">\nDOD\u00d4 BLACK\n<\/h1><div class=\"bde-text-133-105 bde-text\" data-entrance=\"slideUp\">\nSamba, Pagode, MPB e Samba Rock\n<\/div><div class=\"bde-button-133-109 bde-button\" data-entrance=\"slideUp\">\n        \n    \n    \n    \n    \n            \n                    \n            \n            \n\n    \n    \n    \n    \n    \n    <a class=\"breakdance-link button-atom button-atom--custom bde-button__button\" href=\"https:\/\/dodoblack.com\/?page_id=416\" target=\"_self\" data-type=\"url\"  >\n\n    \n        <span class=\"button-atom__text\">Conhe\u00e7a Minha M\u00fasica<\/span>\n\n        \n        \n                <\/a>\n\n    \n\n\n<\/div>\n<\/div><\/div>\n<\/section><section class=\"bde-section-133-110 bde-section\">\n  \n  \n\t\n\n\n\n<div class=\"section-container\"><div class=\"bde-div-133-111 bde-div\">\n  \n  \n\t\n\n\n\n<h1 class=\"bde-heading-133-112 bde-heading\" data-entrance=\"slideLeft\">\nG\u00eaneros Musicais\n<\/h1><div class=\"bde-text-133-113 bde-text\" data-entrance=\"slideLeft\">\nExplore a rica diversidade da m\u00fasica brasileira atrav\u00e9s dos meus<br>trabalhos\n<\/div>\n<\/div><div class=\"bde-div-133-115 bde-div\">\n  \n  \n\t\n\n\n\n<div class=\"bde-div-133-116 bde-div\" data-entrance=\"slideUp\">\n  \n  \n\t\n\n\n\n<div class=\"bde-icon-133-123 bde-icon\">\n\n    \n            <div class=\"bde-icon-icon breakdance-icon-atom\" >\n    \n                    <svg xmlns=\"http:\/\/www.w3.org\/2000\/svg\" id=\"icon-file-music\" viewBox=\"0 0 32 32\">\n<path d=\"M28.681 7.159c-0.694-0.947-1.662-2.053-2.724-3.116s-2.169-2.030-3.116-2.724c-1.612-1.182-2.393-1.319-2.841-1.319h-15.5c-1.378 0-2.5 1.121-2.5 2.5v27c0 1.378 1.121 2.5 2.5 2.5h23c1.378 0 2.5-1.122 2.5-2.5v-19.5c0-0.448-0.137-1.23-1.319-2.841v0zM24.543 5.457c0.959 0.959 1.712 1.825 2.268 2.543h-4.811v-4.811c0.718 0.556 1.584 1.309 2.543 2.268v0zM28 29.5c0 0.271-0.229 0.5-0.5 0.5h-23c-0.271 0-0.5-0.229-0.5-0.5v-27c0-0.271 0.229-0.5 0.5-0.5 0 0 15.499-0 15.5 0v7c0 0.552 0.448 1 1 1h7v19.5z\"\/>\n<path d=\"M23.634 12.227c-0.232-0.19-0.536-0.266-0.83-0.207l-10 2c-0.467 0.094-0.804 0.504-0.804 0.981v7.402c-0.588-0.255-1.271-0.402-2-0.402-2.209 0-4 1.343-4 3s1.791 3 4 3 4-1.343 4-3v-7.18l8-1.6v4.183c-0.588-0.255-1.271-0.402-2-0.402-2.209 0-4 1.343-4 3s1.791 3 4 3 4-1.343 4-3v-10c0-0.3-0.134-0.583-0.366-0.773z\"\/>\n<\/svg>\n        \n        \n        \n            <\/div>\n    \n\n\n<\/div><h1 class=\"bde-heading-133-135 bde-heading\">\nSamba\n<\/h1><div class=\"bde-text-133-134 bde-text\">\nO ritmo aut\u00eantico brasileiro que<br>faz o cora\u00e7\u00e3o pulsar e os p\u00e9s se<br>moverem.\n<\/div>\n<\/div><div class=\"bde-div-133-136 bde-div\" data-entrance=\"slideUp\">\n  \n  \n\t\n\n\n\n<div class=\"bde-icon-133-137 bde-icon\">\n\n    \n            <div class=\"bde-icon-icon breakdance-icon-atom\" >\n    \n                    <svg xmlns=\"http:\/\/www.w3.org\/2000\/svg\" viewBox=\"0 0 384 512\"><!--! Font Awesome Free 6.5.1 by @fontawesome - https:\/\/fontawesome.com License - https:\/\/fontawesome.com\/license\/free (Icons: CC BY 4.0, Fonts: SIL OFL 1.1, Code: MIT License) Copyright 2023 Fonticons, Inc. --><path d=\"M192 0C139 0 96 43 96 96V256c0 53 43 96 96 96s96-43 96-96V96c0-53-43-96-96-96zM64 216c0-13.3-10.7-24-24-24s-24 10.7-24 24v40c0 89.1 66.2 162.7 152 174.4V464H120c-13.3 0-24 10.7-24 24s10.7 24 24 24h72 72c13.3 0 24-10.7 24-24s-10.7-24-24-24H216V430.4c85.8-11.7 152-85.3 152-174.4V216c0-13.3-10.7-24-24-24s-24 10.7-24 24v40c0 70.7-57.3 128-128 128s-128-57.3-128-128V216z\"\/><\/svg>\n        \n        \n        \n            <\/div>\n    \n\n\n<\/div><h1 class=\"bde-heading-133-138 bde-heading\">\nPagode\n<\/h1><div class=\"bde-text-133-139 bde-text\">\nUma alegria contagiante que<br>transforma qualquer momento<br>em celebra\u00e7\u00e3o.\n<\/div>\n<\/div><div class=\"bde-div-133-140 bde-div\" data-entrance=\"slideUp\">\n  \n  \n\t\n\n\n\n<div class=\"bde-icon-133-141 bde-icon\">\n\n    \n            <div class=\"bde-icon-icon breakdance-icon-atom\" >\n    \n                    <svg xmlns=\"http:\/\/www.w3.org\/2000\/svg\" id=\"icon-music\" viewBox=\"0 0 32 32\">\n<path d=\"M30 0h2v23c0 2.761-3.134 5-7 5s-7-2.239-7-5c0-2.761 3.134-5 7-5 1.959 0 3.729 0.575 5 1.501v-11.501l-16 3.556v15.444c0 2.761-3.134 5-7 5s-7-2.239-7-5c0-2.761 3.134-5 7-5 1.959 0 3.729 0.575 5 1.501v-19.501l18-4z\"\/>\n<\/svg>\n        \n        \n        \n            <\/div>\n    \n\n\n<\/div><h1 class=\"bde-heading-133-142 bde-heading\">\nMPB\n<\/h1><div class=\"bde-text-133-143 bde-text\">\nM\u00fasica Popular Brasileira com letras profundas e melodias<br>envolventes.\n<\/div>\n<\/div><div class=\"bde-div-133-144 bde-div\" data-entrance=\"slideUp\">\n  \n  \n\t\n\n\n\n<div class=\"bde-icon-133-145 bde-icon\">\n\n    \n            <div class=\"bde-icon-icon breakdance-icon-atom\" >\n    \n                    <svg xmlns=\"http:\/\/www.w3.org\/2000\/svg\" viewBox=\"0 0 640 512\"><!--! Font Awesome Free 6.5.1 by @fontawesome - https:\/\/fontawesome.com License - https:\/\/fontawesome.com\/license\/free (Icons: CC BY 4.0, Fonts: SIL OFL 1.1, Code: MIT License) Copyright 2023 Fonticons, Inc. --><path d=\"M544 248v3.3l69.7-69.7c21.9-21.9 21.9-57.3 0-79.2L535.6 24.4c-21.9-21.9-57.3-21.9-79.2 0L416.3 64.5c-2.7-.3-5.5-.5-8.3-.5H296c-37.1 0-67.6 28-71.6 64H224V248c0 22.1 17.9 40 40 40s40-17.9 40-40V176c0 0 0-.1 0-.1V160l16 0 136 0c0 0 0 0 .1 0H464c44.2 0 80 35.8 80 80v8zM336 192v56c0 39.8-32.2 72-72 72s-72-32.2-72-72V129.4c-35.9 6.2-65.8 32.3-76 68.2L99.5 255.2 26.3 328.4c-21.9 21.9-21.9 57.3 0 79.2l78.1 78.1c21.9 21.9 57.3 21.9 79.2 0l37.7-37.7c.9 0 1.8 .1 2.7 .1H384c26.5 0 48-21.5 48-48c0-5.6-1-11-2.7-16H432c26.5 0 48-21.5 48-48c0-12.8-5-24.4-13.2-33c25.7-5 45.1-27.6 45.2-54.8v-.4c-.1-30.8-25.1-55.8-56-55.8c0 0 0 0 0 0l-120 0z\"\/><\/svg>\n        \n        \n        \n            <\/div>\n    \n\n\n<\/div><h1 class=\"bde-heading-133-146 bde-heading\">\nSamba Rock\n<\/h1><div class=\"bde-text-133-147 bde-text\">\nA fus\u00e3o perfeita entre tradi\u00e7\u00e3o<br>brasileira e balan\u00e7o<br>internacional.\n<\/div>\n<\/div>\n<\/div><\/div>\n<\/section><section class=\"bde-section-133-148 bde-section\">\n  \n  \n\t\n\n\n\n<div class=\"section-container\"><div class=\"bde-div-133-149 bde-div\">\n  \n  \n\t\n\n\n\n<h1 class=\"bde-heading-133-150 bde-heading\" data-entrance=\"slideLeft\">\nTrabalhos Recentes\n<\/h1><div class=\"bde-text-133-151 bde-text\" data-entrance=\"slideLeft\">\nConfira os \u00faltimos lan\u00e7amentos e projetos musicais\n<\/div>\n<\/div><div class=\"bde-div-133-152 bde-div\">\n  \n  \n\t\n\n\n\n<div class=\"bde-div-133-153 bde-div\" data-entrance=\"zoomOut\">\n              \n  \n  \n\t\n\n  <div class=\"section-background-overlay\"><\/div>\n\n\n<div class=\"bde-div-133-177 bde-div\">\n  \n  \n\t\n\n\n\n<h1 class=\"bde-heading-133-155 bde-heading\">\nEssa mina\n<\/h1><div class=\"bde-text-133-156 bde-text\">\nSingle Samba Rock - 2014\n<\/div><a class=\"bde-container-link-133-182 bde-container-link breakdance-link\" href=\"https:\/\/dodoblack.com\/?page_id=416\" target=\"_self\" data-type=\"url\">\n              \n  \n  \n\t\n\n  <div class=\"section-background-overlay\"><\/div>\n\n\n<div class=\"bde-text-133-181 bde-text\">\nVer mais\n<\/div>\n\n<\/a>\n<\/div>\n<\/div><div class=\"bde-div-133-183 bde-div\" data-entrance=\"zoomOut\">\n              \n  \n  \n\t\n\n  <div class=\"section-background-overlay\"><\/div>\n\n\n<div class=\"bde-div-133-184 bde-div\">\n  \n  \n\t\n\n\n\n<h1 class=\"bde-heading-133-185 bde-heading\">\nAphrodite\n<\/h1><div class=\"bde-text-133-186 bde-text\">\nEP MPB pop - 2018\n<\/div><a class=\"bde-container-link-133-187 bde-container-link breakdance-link\" href=\"https:\/\/dodoblack.com\/?page_id=416\" target=\"_self\" data-type=\"url\">\n              \n  \n  \n\t\n\n  <div class=\"section-background-overlay\"><\/div>\n\n\n<div class=\"bde-text-133-188 bde-text\">\nVer mais\n<\/div>\n\n<\/a>\n<\/div>\n<\/div><div class=\"bde-div-133-189 bde-div\" data-entrance=\"zoomOut\">\n              \n  \n  \n\t\n\n  <div class=\"section-background-overlay\"><\/div>\n\n\n<div class=\"bde-div-133-190 bde-div\">\n  \n  \n\t\n\n\n\n<h1 class=\"bde-heading-133-191 bde-heading\">\nTalentos no Memorial\n<\/h1><div class=\"bde-text-133-192 bde-text\">\nAo vivo no Memorial da Am\u00e9rica Latina feat GABRIEL ALVES\n<\/div><a class=\"bde-container-link-133-193 bde-container-link breakdance-link\" href=\"https:\/\/www.youtube.com\/watch?v=0mPHuf2e4ls\" target=\"_blank\" data-type=\"url\">\n              \n  \n  \n\t\n\n  <div class=\"section-background-overlay\"><\/div>\n\n\n<div class=\"bde-text-133-194 bde-text\">\nVer mais\n<\/div>\n\n<\/a>\n<\/div>\n<\/div>\n<\/div><div class=\"bde-div-133-195 bde-div\">\n  \n  \n\t\n\n\n\n<div class=\"bde-button-133-196 bde-button\" data-entrance=\"slideUp\">\n        \n    \n    \n    \n    \n            \n                    \n            \n            \n\n    \n    \n    \n    \n    \n    <a class=\"breakdance-link button-atom button-atom--custom bde-button__button\" href=\"https:\/\/dodoblack.com\/?page_id=416\" target=\"_self\" data-type=\"url\"  >\n\n    \n        <span class=\"button-atom__text\">Ver toda a discografica<\/span>\n\n        \n        \n                <\/a>\n\n    \n\n\n<\/div>\n<\/div><\/div>\n<\/section><section class=\"bde-section-133-197 bde-section\">\n              \n  \n  \n\t\n\n\n\n<div class=\"section-container\"><h1 class=\"bde-heading-133-198 bde-heading\" data-entrance=\"slideUp\">\nVamos Trabalhar Juntos?\n<\/h1><div class=\"bde-text-133-199 bde-text\" data-entrance=\"slideUp\">\nEntre em contato para shows, colabora\u00e7\u00f5es ou projetos musicais\n<\/div><div class=\"bde-button-133-200 bde-button\" data-entrance=\"slideUp\">\n        \n    \n    \n    \n    \n            \n                    \n            \n            \n\n    \n    \n    \n    \n    \n    <a class=\"breakdance-link button-atom button-atom--custom bde-button__button\" href=\"https:\/\/dodoblack.com\/?page_id=605\" target=\"_blank\" data-type=\"url\"  >\n\n    \n        <span class=\"button-atom__text\">Entrar em contato<\/span>\n\n        \n        \n                <\/a>\n\n    \n\n\n<\/div><\/div>\n<\/section>","protected":false},"excerpt":{"rendered":"<p>DOD\u00d4 BLACK Samba, Pagode, MPB e Samba Rock Conhe\u00e7a Minha M\u00fasica G\u00eaneros Musicais Explore a rica diversidade da m\u00fasica brasileira atrav\u00e9s dos meustrabalhos Samba O ritmo aut\u00eantico brasileiro quefaz o cora\u00e7\u00e3o pulsar e os p\u00e9s semoverem. Pagode Uma alegria contagiante quetransforma qualquer momentoem celebra\u00e7\u00e3o. MPB M\u00fasica Popular Brasileira com letras profundas e melodiasenvolventes. Samba Rock [&hellip;]<\/p>\n","protected":false},"author":1,"featured_media":0,"parent":0,"menu_order":0,"comment_status":"closed","ping_status":"closed","template":"","meta":{"_breakdance_hide_in_design_set":false,"_breakdance_tags":"","footnotes":""},"class_list":["post-133","page","type-page","status-publish","hentry"],"_hostinger_reach_plugin_has_subscription_block":false,"_hostinger_reach_plugin_is_elementor":false,"_links":{"self":[{"href":"https:\/\/dodoblack.com\/index.php?rest_route=\/wp\/v2\/pages\/133","targetHints":{"allow":["GET"]}}],"collection":[{"href":"https:\/\/dodoblack.com\/index.php?rest_route=\/wp\/v2\/pages"}],"about":[{"href":"https:\/\/dodoblack.com\/index.php?rest_route=\/wp\/v2\/types\/page"}],"author":[{"embeddable":true,"href":"https:\/\/dodoblack.com\/index.php?rest_route=\/wp\/v2\/users\/1"}],"replies":[{"embeddable":true,"href":"https:\/\/dodoblack.com\/index.php?rest_route=%2Fwp%2Fv2%2Fcomments&post=133"}],"version-history":[{"count":143,"href":"https:\/\/dodoblack.com\/index.php?rest_route=\/wp\/v2\/pages\/133\/revisions"}],"predecessor-version":[{"id":865,"href":"https:\/\/dodoblack.com\/index.php?rest_route=\/wp\/v2\/pages\/133\/revisions\/865"}],"wp:attachment":[{"href":"https:\/\/dodoblack.com\/index.php?rest_route=%2Fwp%2Fv2%2Fmedia&parent=133"}],"curies":[{"name":"wp","href":"https:\/\/api.w.org\/{rel}","templated":true}]}}